{"id":119,"date":"2017-01-27T13:27:43","date_gmt":"2017-01-27T12:27:43","guid":{"rendered":"https:\/\/fdsolar.wordpress.com\/?page_id=119"},"modified":"2024-10-15T02:54:54","modified_gmt":"2024-10-15T00:54:54","slug":"notre-engagement","status":"publish","type":"page","link":"https:\/\/www.fdsolar.ch\/accueil\/notre-engagement\/","title":{"rendered":"Notre engagement"},"content":{"rendered":"\n<h4 class=\"wp-block-heading\"><span style=\"color: #435884; font-family: trebuchet ms,geneva,sans-serif; font-size: 13pt;\"><strong>Pour une nouvelle installation ou une r\u00e9novation, nous vous proposons du r\u00e9el et du concret:<\/strong><\/span><\/h4>\n\n\n\n<ul class=\"wp-block-list\">\n<li><span style=\"color: #0a1838; font-family: trebuchet ms,geneva,sans-serif; font-size: 11pt;\">une solution absolument <span style=\"color: #435884;\">\u00e9cologique<\/span><\/span><\/li>\n\n\n\n<li><span style=\"color: #0a1838; font-family: trebuchet ms,geneva,sans-serif; font-size: 11pt;\">une solution <span style=\"color: #435884;\">efficace<\/span> qui vous fait d\u00e9penser moins<\/span><\/li>\n\n\n\n<li><span style=\"color: #0a1838; font-family: trebuchet ms,geneva,sans-serif; font-size: 11pt;\">une solution <span style=\"color: #435884;\">viable<\/span> et <span style=\"color: #435884;\">fiable<\/span> \u00e0 long terme<\/span><\/li>\n\n\n\n<li><span style=\"color: #0a1838; font-family: trebuchet ms,geneva,sans-serif; font-size: 11pt;\">une solution qui vous donne de l&rsquo;<span style=\"color: #435884;\">autonomie<\/span> car vous produisez l&rsquo;\u00e9nergie que vous consommez et qui vous <span style=\"color: #435884;\">rapporte de l&rsquo;argent<\/span> en revendant le surplus de production<\/span><\/li>\n<\/ul>\n\n\n\n<figure class=\"wp-block-gallery has-nested-images columns-default is-cropped wp-block-gallery-1 is-layout-flex wp-block-gallery-is-layout-flex\">\n<figure class=\"wp-block-image size-large\"><img loading=\"lazy\" decoding=\"async\" width=\"1024\" height=\"576\" data-id=\"583\" src=\"https:\/\/www.fdsolar.ch\/wp-content\/uploads\/2021\/06\/20141121_162839-1024x576.jpg\" alt=\"\" class=\"wp-image-583\" srcset=\"https:\/\/www.fdsolar.ch\/wp-content\/uploads\/2021\/06\/20141121_162839-1024x576.jpg 1024w, https:\/\/www.fdsolar.ch\/wp-content\/uploads\/2021\/06\/20141121_162839-300x169.jpg 300w, https:\/\/www.fdsolar.ch\/wp-content\/uploads\/2021\/06\/20141121_162839-768x432.jpg 768w, https:\/\/www.fdsolar.ch\/wp-content\/uploads\/2021\/06\/20141121_162839-1536x864.jpg 1536w, https:\/\/www.fdsolar.ch\/wp-content\/uploads\/2021\/06\/20141121_162839.jpg 1600w\" sizes=\"auto, (max-width: 1024px) 100vw, 1024px\" \/><\/figure>\n\n\n\n<figure class=\"wp-block-image size-large\"><img loading=\"lazy\" decoding=\"async\" width=\"1024\" height=\"576\" data-id=\"584\" src=\"https:\/\/www.fdsolar.ch\/wp-content\/uploads\/2021\/06\/20141121_163118-1024x576.jpg\" alt=\"\" class=\"wp-image-584\" srcset=\"https:\/\/www.fdsolar.ch\/wp-content\/uploads\/2021\/06\/20141121_163118-1024x576.jpg 1024w, https:\/\/www.fdsolar.ch\/wp-content\/uploads\/2021\/06\/20141121_163118-300x169.jpg 300w, https:\/\/www.fdsolar.ch\/wp-content\/uploads\/2021\/06\/20141121_163118-768x432.jpg 768w, https:\/\/www.fdsolar.ch\/wp-content\/uploads\/2021\/06\/20141121_163118-1536x864.jpg 1536w, https:\/\/www.fdsolar.ch\/wp-content\/uploads\/2021\/06\/20141121_163118.jpg 1600w\" sizes=\"auto, (max-width: 1024px) 100vw, 1024px\" \/><\/figure>\n<\/figure>\n\n\n\n<h4 class=\"wp-block-heading\"><span style=\"color: #435884; font-family: trebuchet ms,geneva,sans-serif; font-size: 13pt;\"><strong>Un entretien sans engagement vous permet de:<\/strong><\/span><\/h4>\n\n\n\n<ul class=\"wp-block-list\">\n<li><span style=\"color: #0a1838; font-family: trebuchet ms,geneva,sans-serif; font-size: 11pt;\">mieux cerner la d\u00e9marche que vous entreprenez<\/span><\/li>\n\n\n\n<li><span style=\"color: #0a1838; font-family: trebuchet ms,geneva,sans-serif; font-size: 11pt;\">d\u00e9terminer vos r\u00e9els besoins et envies<\/span><\/li>\n\n\n\n<li><span style=\"color: #0a1838; font-family: trebuchet ms,geneva,sans-serif; font-size: 11pt;\">d\u00e9terminer les avantages et les inconv\u00e9nients des diff\u00e9rentes possibilit\u00e9s du march\u00e9<\/span><br><br><blockquote><p><span style=\"font-size: 11pt;\"><em><span style=\"color: #435884; font-family: trebuchet ms,geneva,sans-serif;\">Nous pouvons le faire car nous connaissons les produits et nous vous proposons des produits innovants, fiables et \u00e9conomiques en tout temps car nous sommes \u00e0 l&rsquo;\u00e9coute du march\u00e9<\/span><\/em><\/span><\/p><\/blockquote><br><\/li>\n\n\n\n<li><span style=\"color: #0a1838; font-family: trebuchet ms,geneva,sans-serif; font-size: 11pt;\">choisir la solution la plus adapt\u00e9e<\/span><\/li>\n\n\n\n<li><span style=\"color: #0a1838; font-family: trebuchet ms,geneva,sans-serif; font-size: 11pt;\">comprendre le fonctionnement et la finalit\u00e9 de la solution adopt\u00e9e<\/span><\/li>\n<\/ul>\n\n\n\n<h4 class=\"wp-block-heading\"><span style=\"color: #435884; font-family: trebuchet ms,geneva,sans-serif; font-size: 13pt;\"><strong>Votre nouvelle installation vous procure les avantages suivants:<\/strong><\/span><\/h4>\n\n\n\n<ul class=\"wp-block-list\">\n<li><span style=\"color: #0a1838; font-family: trebuchet ms,geneva,sans-serif; font-size: 11pt;\">une \u00e9conomie financi\u00e8re et \u00e9cologique, \u00e0 court et \u00e0 long terme<\/span><\/li>\n\n\n\n<li><span style=\"color: #0a1838; font-family: trebuchet ms,geneva,sans-serif; font-size: 11pt;\">une d\u00e9pense \u00e9nerg\u00e9tique qui correspond au besoin r\u00e9el, ni trop ni trop peu<\/span><\/li>\n\n\n\n<li><span style=\"color: #0a1838; font-family: trebuchet ms,geneva,sans-serif; font-size: 11pt;\">l&rsquo;installation est r\u00e9ellement suivie en collaboration avec vous<\/span><\/li>\n\n\n\n<li><span style=\"color: #0a1838; font-family: trebuchet ms,geneva,sans-serif; font-size: 11pt;\">vous connaissez votre installation et vous savez l&rsquo;utiliser, donc son entretien est moins co\u00fbteux<\/span><\/li>\n<\/ul>\n\n\n\n<p><span style=\"color: #0a1838;\">&nbsp;<\/span><\/p>\n","protected":false},"excerpt":{"rendered":"<p>Pour une nouvelle installation ou une r\u00e9novation, nous vous proposons du r\u00e9el et du concret: Un entretien sans engagement vous permet de: Votre nouvelle installation vous procure les avantages suivants: &nbsp;<\/p>\n","protected":false},"author":1,"featured_media":0,"parent":0,"menu_order":0,"comment_status":"closed","ping_status":"closed","template":"page-templates\/template-fullwidth.php","meta":{"footnotes":""},"class_list":["post-119","page","type-page","status-publish","hentry"],"_links":{"self":[{"href":"https:\/\/www.fdsolar.ch\/accueil\/wp-json\/wp\/v2\/pages\/119","targetHints":{"allow":["GET"]}}],"collection":[{"href":"https:\/\/www.fdsolar.ch\/accueil\/wp-json\/wp\/v2\/pages"}],"about":[{"href":"https:\/\/www.fdsolar.ch\/accueil\/wp-json\/wp\/v2\/types\/page"}],"author":[{"embeddable":true,"href":"https:\/\/www.fdsolar.ch\/accueil\/wp-json\/wp\/v2\/users\/1"}],"replies":[{"embeddable":true,"href":"https:\/\/www.fdsolar.ch\/accueil\/wp-json\/wp\/v2\/comments?post=119"}],"version-history":[{"count":3,"href":"https:\/\/www.fdsolar.ch\/accueil\/wp-json\/wp\/v2\/pages\/119\/revisions"}],"predecessor-version":[{"id":793,"href":"https:\/\/www.fdsolar.ch\/accueil\/wp-json\/wp\/v2\/pages\/119\/revisions\/793"}],"wp:attachment":[{"href":"https:\/\/www.fdsolar.ch\/accueil\/wp-json\/wp\/v2\/media?parent=119"}],"curies":[{"name":"wp","href":"https:\/\/api.w.org\/{rel}","templated":true}]}}