{"id":265,"date":"2017-12-06T21:50:01","date_gmt":"2017-12-06T20:50:01","guid":{"rendered":"http:\/\/www.fdsolar.ch\/?page_id=265"},"modified":"2023-05-10T12:37:53","modified_gmt":"2023-05-10T10:37:53","slug":"contactez-nous-2","status":"publish","type":"page","link":"https:\/\/www.fdsolar.ch\/accueil\/contactez-nous-2\/","title":{"rendered":"Contact"},"content":{"rendered":"\n<h1 class=\"wp-block-heading\"><span style=\"color: #0a1838; font-family: trebuchet ms,geneva,sans-serif; font-size: 22pt;\"><\/span><\/h1>\n\n\n\n<p><span style=\"font-family: trebuchet ms,geneva,sans-serif; font-size: 1.125em; text-transform: uppercase;\"><strong>Proposition de contact:<\/strong><\/span><\/p>\n\n\n\n<p>Vous pouvez me joindre soit par t\u00e9l\u00e9phone au<\/p>\n\n\n\n<p class=\"has-text-align-left has-text-color has-medium-font-size has-vivid-cyan-blue-color\"><strong><span style=\"color: #0a1838;\"><em>+41 79 245 18 26<\/em><\/span><\/strong><\/p>\n\n\n\n<p>soit \u00e0 l&rsquo;aide de ce formulaire. <\/p>\n\n\n<p>[contact]<\/p>\n<p><!-- \/wp:post-content --><\/p>","protected":false},"excerpt":{"rendered":"<p>Proposition de contact: Vous pouvez me joindre soit par t\u00e9l\u00e9phone au +41 79 245 18 26 soit \u00e0 l&rsquo;aide de ce formulaire. [contact]<\/p>\n","protected":false},"author":1,"featured_media":0,"parent":0,"menu_order":0,"comment_status":"closed","ping_status":"closed","template":"page-templates\/template-fullwidth.php","meta":{"footnotes":""},"class_list":["post-265","page","type-page","status-publish","hentry"],"_links":{"self":[{"href":"https:\/\/www.fdsolar.ch\/accueil\/wp-json\/wp\/v2\/pages\/265","targetHints":{"allow":["GET"]}}],"collection":[{"href":"https:\/\/www.fdsolar.ch\/accueil\/wp-json\/wp\/v2\/pages"}],"about":[{"href":"https:\/\/www.fdsolar.ch\/accueil\/wp-json\/wp\/v2\/types\/page"}],"author":[{"embeddable":true,"href":"https:\/\/www.fdsolar.ch\/accueil\/wp-json\/wp\/v2\/users\/1"}],"replies":[{"embeddable":true,"href":"https:\/\/www.fdsolar.ch\/accueil\/wp-json\/wp\/v2\/comments?post=265"}],"version-history":[{"count":0,"href":"https:\/\/www.fdsolar.ch\/accueil\/wp-json\/wp\/v2\/pages\/265\/revisions"}],"wp:attachment":[{"href":"https:\/\/www.fdsolar.ch\/accueil\/wp-json\/wp\/v2\/media?parent=265"}],"curies":[{"name":"wp","href":"https:\/\/api.w.org\/{rel}","templated":true}]}}