{"id":734,"date":"2023-05-03T14:05:54","date_gmt":"2023-05-03T12:05:54","guid":{"rendered":"https:\/\/www.fdsolar.ch\/?page_id=734"},"modified":"2024-10-15T02:27:00","modified_gmt":"2024-10-15T00:27:00","slug":"nos-prestations-2","status":"publish","type":"page","link":"https:\/\/www.fdsolar.ch\/accueil\/nos-prestations-2\/","title":{"rendered":"Prestations"},"content":{"rendered":"\n<h4 class=\"wp-block-heading\"><span style=\"color: #435884; font-family: trebuchet ms,geneva,sans-serif; font-size: 13pt;\"><em><strong>Prestation de conseil<\/strong><\/em><\/span><\/h4>\n\n\n\n<ul class=\"wp-block-list\">\n<li><span style=\"color: #0a1838; font-family: trebuchet ms,geneva,sans-serif; font-size: 11pt;\">D\u00e9placement sur le site<\/span><\/li>\n\n\n\n<li><span style=\"color: #0a1838; font-family: trebuchet ms,geneva,sans-serif; font-size: 11pt;\">\u00c9clairer le client face aux enjeux financiers, esth\u00e9tiques et techniques des installations solaires<\/span><\/li>\n<\/ul>\n\n\n\n<h4 class=\"wp-block-heading\"><span style=\"color: #435884; font-family: trebuchet ms,geneva,sans-serif; font-size: 13pt;\"><em><strong>\u00c9tude de faisabilit\u00e9<\/strong><\/em><\/span><\/h4>\n\n\n\n<ul class=\"wp-block-list\">\n<li><span style=\"color: #0a1838; font-family: trebuchet ms,geneva,sans-serif; font-size: 11pt;\">Analyse du site, ses pi\u00e8ges et ses potentialit\u00e9s<\/span><\/li>\n\n\n\n<li><span style=\"color: #0a1838; font-family: trebuchet ms,geneva,sans-serif; font-size: 11pt;\">Proposition du mat\u00e9riel ad\u00e9quat<\/span><\/li>\n\n\n\n<li><span style=\"color: #0a1838; font-family: trebuchet ms,geneva,sans-serif; font-size: 11pt;\">Propositions commerciales des \u00e9tudes de cas<\/span><span style=\"color: #0a1838; font-family: trebuchet ms,geneva,sans-serif; font-size: 11pt;\"><span style=\"color: #435884;\"><br><\/span><\/span><\/li>\n<\/ul>\n\n\n\n<h4 class=\"wp-block-heading\"><span style=\"font-family: trebuchet ms,geneva,sans-serif; font-size: 13pt;\"><strong><em><span style=\"color: #435884;\">Installations solaires<\/span><\/em><\/strong><\/span><\/h4>\n\n\n\n<ul class=\"wp-block-list\">\n<li><span style=\"color: #0a1838; font-family: trebuchet ms,geneva,sans-serif; font-size: 11pt;\">Prise en charge du projet avec d\u00e9finition des r\u00f4les et des objectifs<\/span><\/li>\n\n\n\n<li><span style=\"color: #0a1838; font-family: trebuchet ms,geneva,sans-serif; font-size: 11pt;\">Planification et gestion du projet<\/span><\/li>\n\n\n\n<li><span style=\"color: #0a1838; font-family: trebuchet ms,geneva,sans-serif; font-size: 11pt;\">\u00c9tablissement du concept global de s\u00e9curit\u00e9<\/span><\/li>\n\n\n\n<li><span style=\"color: #0a1838; font-family: trebuchet ms,geneva,sans-serif; font-size: 11pt;\">Suivi de la r\u00e9alisation de l&rsquo;<span style=\"color: #435884;\">installation solaire<\/span><\/span><\/li>\n\n\n\n<li><span style=\"color: #0a1838; font-family: trebuchet ms,geneva,sans-serif; font-size: 11pt;\">R\u00e9alisation des cahiers<span style=\"color: #435884;\"> techniques<\/span> d&rsquo;exploitation<\/span><\/li>\n\n\n\n<li><span style=\"color: #0a1838; font-family: trebuchet ms,geneva,sans-serif; font-size: 11pt;\">Contr\u00f4le de fonctionnement<\/span><\/li>\n\n\n\n<li><span style=\"color: #0a1838; font-family: trebuchet ms,geneva,sans-serif; font-size: 11pt;\">Tests et mise en service<\/span><\/li>\n<\/ul>\n\n\n\n<h4 class=\"wp-block-heading\"><span style=\"color: #435884; font-family: trebuchet ms,geneva,sans-serif; font-size: 13pt;\"><strong><em>Batteries<\/em><\/strong><\/span><\/h4>\n\n\n\n<p><span style=\"color: #0a1838; font-family: trebuchet ms,geneva,sans-serif; font-size: 11pt;\">Avec l&rsquo;entr\u00e9e en vigueur de la nouvelle loi f\u00e9d\u00e9rale relative \u00e0 un approvisionnement en \u00e9lectricit\u00e9 s\u00fbr reposant sur des \u00e9nergies renouvelables en juin 2024, les tarifs de rachats de l&rsquo;\u00e9nergie vont baisser puis seront dans un futur proche adapt\u00e9s au prix du march\u00e9, de l&rsquo;offre et la demande. Pour \u00e9viter de subir ces variations, j&rsquo;encourage le recours \u00e0 une batterie \u00e9lectrochimique permettant de d\u00e9caler production et consommation d&rsquo;\u00e9nergie sur 24 heures ou plus.<\/span><\/p>\n\n\n\n<h4 class=\"wp-block-heading\"><span style=\"color: #435884; font-family: trebuchet ms,geneva,sans-serif; font-size: 13pt;\"><strong><em>Bornes \u00e9lectriques<\/em><\/strong><\/span><\/h4>\n\n\n\n<p><span style=\"color: #0a1838; font-family: trebuchet ms,geneva,sans-serif; font-size: 11pt;\">De la cr\u00e9ation \u00e0 la r\u00e9alisation, sans oublier la maintenance, je suis disponible en tout temps afin de concr\u00e9tiser vos v\u0153ux !<\/span><\/p>\n\n\n\n<p><span style=\"color: #0a1838; font-family: trebuchet ms,geneva,sans-serif; font-size: 11pt;\">Notre soci\u00e9t\u00e9 a l&rsquo;habitude de traiter les bornes \u00e9lectriques de mani\u00e8re intelligente.<\/span><\/p>\n\n\n\n<p><span style=\"color: #0a1838; font-family: trebuchet ms,geneva,sans-serif; font-size: 11pt;\">De la cr\u00e9ation \u00e0 la r\u00e9alisation, sans oublier la maintenance, je suis disponible en tout temps afin de concr\u00e9tiser vos v\u0153ux !<\/span><\/p>\n\n\n\n<h4 class=\"wp-block-heading\"><span style=\"font-family: trebuchet ms,geneva,sans-serif; font-size: 13pt;\"><strong><em><span style=\"color: #435884;\">Surveillance et gestion int\u00e9gr\u00e9e<\/span><\/em><\/strong><\/span><\/h4>\n\n\n\n<p><span style=\"color: #0a1838; font-family: trebuchet ms,geneva,sans-serif; font-size: 11pt;\">Notre exp\u00e9rience nous montre que la <span style=\"color: #435884;\">surveillance <\/span>d&rsquo;une installation solaire est la cl\u00e9 pour assurer la p\u00e9rennit\u00e9 en tout temps de votre centrale \u00e9lectrique. En effet, il n&rsquo;y pas de diff\u00e9rences visuelles caract\u00e9ristiques entre une installation en fonctionnement et une installation \u00e0 l&rsquo;arr\u00eat. De l&rsquo;ext\u00e9rieur tout est identique. Tout ? Sauf le convertisseur d&rsquo;\u00e9nergie et c&rsquo;est surtout lui qu&rsquo;il faut surveiller en permanence.<\/span><br><span style=\"color: #0a1838; font-family: trebuchet ms,geneva,sans-serif; font-size: 11pt;\"> La <span style=\"color: #435884;\">gestion int\u00e9gr\u00e9e<\/span> ou \u00ab\u00a0intelligente\u00a0\u00bb permet de suivre r\u00e9guli\u00e8rement, \u00e0 distance, le produit de votre installation \u00e9lectrique. Notre bureau peut vous proposer la solution ad\u00e9quate, adapt\u00e9e \u00e0 votre n\u00e9cessit\u00e9.<\/span><\/p>\n\n\n\n<h4 class=\"wp-block-heading\"><span style=\"font-family: trebuchet ms,geneva,sans-serif; font-size: 13pt;\"><strong><em><span style=\"color: #435884;\">Solution globale<\/span><\/em><\/strong><\/span><\/h4>\n\n\n\n<p><span style=\"color: #0a1838; font-family: trebuchet ms,geneva,sans-serif; font-size: 11pt;\">Nous sommes en mesure de vous proposer des <span style=\"color: #435884;\">solutions globales<\/span> \u00e9nerg\u00e9tiques cl\u00e9s en main.<\/span><\/p>\n\n\n\n<h4 class=\"wp-block-heading\"><span style=\"font-family: trebuchet ms,geneva,sans-serif; font-size: 13pt;\"><strong><em><span style=\"color: #435884;\">Service informatique<\/span><\/em><\/strong><\/span><\/h4>\n\n\n\n<p><span style=\"color: #0a1838; font-family: trebuchet ms,geneva,sans-serif; font-size: 11pt;\">D\u00e9pannage tous les jours de la semaine par le biais de l&rsquo;hotline.<\/span><br><span style=\"color: #0a1838; font-family: trebuchet ms,geneva,sans-serif; font-size: 11pt;\">D\u00e9placement dans le Valais central, frais suppl\u00e9mentaires.<\/span><\/p>\n\n\n\n<h4 class=\"wp-block-heading\"><span style=\"font-family: trebuchet ms,geneva,sans-serif; font-size: 11pt;\"><strong><em><span style=\"color: #435884;\"><span style=\"font-size: 13pt;\">Contactez-nous<\/span><\/span><\/em><\/strong><\/span><\/h4>\n\n\n\n<p><span style=\"color: #0a1838; font-family: trebuchet ms,geneva,sans-serif; font-size: 11pt;\">Dans tous les cas, m\u00eame pour celles qui ne seraient pas d\u00e9crites ici, <a href=\"http:\/\/www.fdsolar.ch\/contactez-nous\/\" target=\"_blank\" rel=\"noopener\">prenez contact<\/a>, t\u00e9l\u00e9phonez-nous pour fixer un rendez-vous ou pour pr\u00e9ciser une demande, lever un doute et d\u00e8s le contact \u00e9tabli nous nous engageons \u00e0 vous r\u00e9pondre dans un d\u00e9lai raisonnable.<\/span><\/p>\n","protected":false},"excerpt":{"rendered":"<p>Prestation de conseil \u00c9tude de faisabilit\u00e9 Installations solaires Batteries Avec l&rsquo;entr\u00e9e en vigueur de la nouvelle loi f\u00e9d\u00e9rale relative \u00e0 un approvisionnement en \u00e9lectricit\u00e9 s\u00fbr reposant sur des \u00e9nergies renouvelables en juin 2024, les tarifs de rachats de l&rsquo;\u00e9nergie vont baisser puis seront dans un futur proche adapt\u00e9s au prix du march\u00e9, de l&rsquo;offre et [&hellip;]<\/p>\n","protected":false},"author":1,"featured_media":0,"parent":0,"menu_order":0,"comment_status":"closed","ping_status":"closed","template":"page-templates\/template-fullwidth.php","meta":{"footnotes":""},"class_list":["post-734","page","type-page","status-publish","hentry"],"_links":{"self":[{"href":"https:\/\/www.fdsolar.ch\/accueil\/wp-json\/wp\/v2\/pages\/734","targetHints":{"allow":["GET"]}}],"collection":[{"href":"https:\/\/www.fdsolar.ch\/accueil\/wp-json\/wp\/v2\/pages"}],"about":[{"href":"https:\/\/www.fdsolar.ch\/accueil\/wp-json\/wp\/v2\/types\/page"}],"author":[{"embeddable":true,"href":"https:\/\/www.fdsolar.ch\/accueil\/wp-json\/wp\/v2\/users\/1"}],"replies":[{"embeddable":true,"href":"https:\/\/www.fdsolar.ch\/accueil\/wp-json\/wp\/v2\/comments?post=734"}],"version-history":[{"count":1,"href":"https:\/\/www.fdsolar.ch\/accueil\/wp-json\/wp\/v2\/pages\/734\/revisions"}],"predecessor-version":[{"id":787,"href":"https:\/\/www.fdsolar.ch\/accueil\/wp-json\/wp\/v2\/pages\/734\/revisions\/787"}],"wp:attachment":[{"href":"https:\/\/www.fdsolar.ch\/accueil\/wp-json\/wp\/v2\/media?parent=734"}],"curies":[{"name":"wp","href":"https:\/\/api.w.org\/{rel}","templated":true}]}}