{"id":910,"date":"2025-04-27T22:17:15","date_gmt":"2025-04-27T20:17:15","guid":{"rendered":"https:\/\/www.fdsolar.ch\/accueil\/?page_id=910"},"modified":"2025-04-27T22:58:51","modified_gmt":"2025-04-27T20:58:51","slug":"a-propos","status":"publish","type":"page","link":"https:\/\/www.fdsolar.ch\/accueil\/a-propos\/","title":{"rendered":"\u00c0 propos"},"content":{"rendered":"<style><span style=\"display: inline-block; width: 0px; overflow: hidden; line-height: 0;\" data-mce-type=\"bookmark\" class=\"mce_SELRES_start\">\ufeff<\/span><span style=\"display: inline-block; width: 0px; overflow: hidden; line-height: 0;\" data-mce-type=\"bookmark\" class=\"mce_SELRES_start\">\ufeff<\/span><span style=\"display: inline-block; width: 0px; overflow: hidden; line-height: 0;\" data-mce-type=\"bookmark\" class=\"mce_SELRES_start\">\ufeff<\/span><span style=\"display: inline-block; width: 0px; overflow: hidden; line-height: 0;\" data-mce-type=\"bookmark\" class=\"mce_SELRES_start\">\ufeff<\/span><br \/>@keyframes fadeUp {<br \/>  from {<br \/>    opacity: 0;<br \/>    transform: translateY(20px);<br \/>  }<br \/>  to {<br \/>    opacity: 1;<br \/>    transform: translateY(0);<br \/>  }<br \/>}<br \/>.fade-up {<br \/>  animation: fadeUp 1s ease-out both;<br \/>}<br \/><\/style>\n<h2 style=\"text-align: center; font-size: 2rem; color: #1a202c; margin-bottom: 2rem;\">Plus qu\u2019une solution technique, <strong style=\"color: #3182ce;\">Sinnoren SA<\/strong> porte une vision :<br \/>\nfaire de l\u2019\u00e9nergie solaire une force partag\u00e9e, au service des personnes, du patrimoine et de la plan\u00e8te.<\/h2>\n<h3 style=\"text-align: center; color: #435884; font-family: trebuchet ms, geneva, sans-serif;\"><em><strong>Qui a fond\u00e9 Sinnoren SA ?<\/strong><\/em><\/h3>\n<div style=\"display: flex; flex-wrap: wrap; align-items: center; gap: 2rem; margin-bottom: 2rem;\">\n<div style=\"flex: 1; min-width: 250px;\">\n<p style=\"font-family: trebuchet ms, geneva, sans-serif; color: #003366; font-size: 1.1em; margin: 0;\">Je suis Fabian Dayen, ing\u00e9nieur en \u00e9lectricit\u00e9 et passionn\u00e9 par l\u2019\u00e9nergie solaire.<br \/>\nDepuis toujours, je crois qu\u2019une \u00e9nergie propre, locale et partag\u00e9e est la cl\u00e9 d\u2019un futur durable.<br \/>\nD\u2019abord avec fdsolar.ch, puis avec Sinnoren SA, mon objectif est rest\u00e9 le m\u00eame : proposer des solutions concr\u00e8tes pour que chacun puisse participer, \u00e0 son \u00e9chelle, \u00e0 une transition \u00e9nerg\u00e9tique p\u00e9renne et b\u00e9n\u00e9fique pour le plus grand nombre d\u2019\u00eatres vivants.<\/p>\n<\/div>\n<div style=\"flex-shrink: 0; min-width: 165px;\"><img loading=\"lazy\" decoding=\"async\" class=\"fade-up\" style=\"border-radius: 8px; max-width: 100%; height: auto;\" src=\"http:\/\/www.fdsolar.ch\/wp-content\/uploads\/2017\/01\/fabian_dayen_au_job_.jpg\" alt=\"Fabian Dayen\" width=\"124\" height=\"185\" \/><\/div>\n<\/div>\n<p style=\"text-align: center; font-size: 1.2rem; font-weight: bold; color: #1a202c; margin-top: 3rem; margin-bottom: 3rem;\">Construisons ensemble un avenir \u00e9nerg\u00e9tique durable, <br \/>avec <strong style=\"color: #3182ce;\">Sinnoren SA<\/strong><br \/>\n<img decoding=\"async\" style=\"height: 1.0em; vertical-align: 0.4em; margin-left: 0.3rem; margin-right: 0.5rem;\" src=\"https:\/\/flagcdn.com\/w40\/ch.png\" alt=\"Drapeau Suisse\" \/> ~ l&rsquo;\u00e9nergie au service de votre patrimoine ~ <img decoding=\"async\" style=\"height: 0.9em; vertical-align: 0.4em; margin-left: 0.5rem;\" src=\"https:\/\/flagcdn.com\/w40\/fr.png\" alt=\"Drapeau France\" \/><\/p>\n<p><!-- Appel \u00e0 l'action final --><\/p>\n<p style=\"text-align: center; margin-top: 3rem;\"><a style=\"background-color: #3182ce; color: white; padding: 0.8rem 1.5rem; border-radius: 0.5rem; text-decoration: none; font-weight: bold; font-size: 1.1rem;\" href=\"\/contact\">\u00c9changer avec nous<\/a><\/p>\n","protected":false},"excerpt":{"rendered":"<p>Plus qu\u2019une solution technique, Sinnoren SA porte une vision : faire de l\u2019\u00e9nergie solaire une force partag\u00e9e, au service des personnes, du patrimoine et de la plan\u00e8te. Qui a fond\u00e9 Sinnoren SA ? Je suis Fabian Dayen, ing\u00e9nieur en \u00e9lectricit\u00e9 et passionn\u00e9 par l\u2019\u00e9nergie solaire. Depuis toujours, je crois qu\u2019une \u00e9nergie propre, locale et partag\u00e9e [&hellip;]<\/p>\n","protected":false},"author":1,"featured_media":0,"parent":0,"menu_order":0,"comment_status":"closed","ping_status":"closed","template":"page-template\/custom-home-page.php","meta":{"footnotes":""},"class_list":["post-910","page","type-page","status-publish","hentry"],"_links":{"self":[{"href":"https:\/\/www.fdsolar.ch\/accueil\/wp-json\/wp\/v2\/pages\/910","targetHints":{"allow":["GET"]}}],"collection":[{"href":"https:\/\/www.fdsolar.ch\/accueil\/wp-json\/wp\/v2\/pages"}],"about":[{"href":"https:\/\/www.fdsolar.ch\/accueil\/wp-json\/wp\/v2\/types\/page"}],"author":[{"embeddable":true,"href":"https:\/\/www.fdsolar.ch\/accueil\/wp-json\/wp\/v2\/users\/1"}],"replies":[{"embeddable":true,"href":"https:\/\/www.fdsolar.ch\/accueil\/wp-json\/wp\/v2\/comments?post=910"}],"version-history":[{"count":17,"href":"https:\/\/www.fdsolar.ch\/accueil\/wp-json\/wp\/v2\/pages\/910\/revisions"}],"predecessor-version":[{"id":928,"href":"https:\/\/www.fdsolar.ch\/accueil\/wp-json\/wp\/v2\/pages\/910\/revisions\/928"}],"wp:attachment":[{"href":"https:\/\/www.fdsolar.ch\/accueil\/wp-json\/wp\/v2\/media?parent=910"}],"curies":[{"name":"wp","href":"https:\/\/api.w.org\/{rel}","templated":true}]}}